{"id":92,"date":"2024-03-08T20:00:45","date_gmt":"2024-03-08T20:00:45","guid":{"rendered":"http:\/\/wp.adrian-grigore.com\/?page_id=92"},"modified":"2024-06-04T21:36:12","modified_gmt":"2024-06-04T19:36:12","slug":"romanul-cercetator-intre-veacuri","status":"publish","type":"page","link":"https:\/\/www.adrian-grigore.com\/?page_id=92","title":{"rendered":"Romanul &#8220;Cercet\u0103tor \u00eentre veacuri&#8221;"},"content":{"rendered":"\n<p><\/p>\n\n\n\n<div style=\"height:100px\" aria-hidden=\"true\" class=\"wp-block-spacer\"><\/div>\n\n\n\n<p>Rom\u00e2n\u0103 \/ <a href=\"https:\/\/www.adrian-grigore.com\/?page_id=394\" data-type=\"page\" data-id=\"394\">English<\/a><\/p>\n\n\n\n<p>ISBN: <strong>978-606-716-820-4<\/strong><\/p>\n\n\n\n<p>Coperta: <strong>Leo Orman<\/strong><\/p>\n\n\n\n<p>Lector: <strong>Ioana Grigore Varga<\/strong><\/p>\n\n\n\n<p>Romanul <strong>Cercet\u0103tor \u00eentre veacuri <\/strong>al autorului <strong>Adrian Grigore<\/strong> a fost publicat \u00een 2018&nbsp; de c\u0103tre&nbsp; <strong>Editura ePubishers<\/strong> din Bucure\u0219ti \u0219i a fost lansat \u020bn 17 Noiembrie 2018, la standul <strong>Editurii ePublishers<\/strong> din cadrul <strong>T\u00e2rgului Interna\u021bional GAUDEAMUS &#8211; Carte de \u00eenv\u0103\u021b\u0103tur\u0103, edi\u021bia a XXV-a, 14 \u2013 18 noiembrie 2018<\/strong>, Pavilionul Central <strong>Romexpo<\/strong>, Bucure\u0219tii. <strong>&nbsp;<\/strong>Prezentarea romanului a fost f\u0103cut\u0103 publicului de c\u0103tre de c\u0103tre doamna <strong>Gina Miclo\u0219<\/strong> , Directorul&nbsp; executiv al editurii. In continuare, o serie de distinse personalit\u0103\u021bi ale lumii academice \u0219i \u0219tiin\u021bifice din Romania, au luat f\u0103cut multe referiri&nbsp; deosebite \u0219i interesante&nbsp; la carte \u0219i la autor. <\/p>\n\n\n\n<figure class=\"wp-block-image aligncenter size-full\"><img loading=\"lazy\" decoding=\"async\" width=\"451\" height=\"451\" src=\"https:\/\/www.adrian-grigore.com\/wp-content\/uploads\/2024\/05\/image-47.png\" alt=\"\" class=\"wp-image-391\" srcset=\"https:\/\/www.adrian-grigore.com\/wp-content\/uploads\/2024\/05\/image-47.png 451w, https:\/\/www.adrian-grigore.com\/wp-content\/uploads\/2024\/05\/image-47-300x300.png 300w, https:\/\/www.adrian-grigore.com\/wp-content\/uploads\/2024\/05\/image-47-150x150.png 150w\" sizes=\"auto, (max-width: 451px) 100vw, 451px\" \/><\/figure>\n\n\n\n<p>Au vorbit entuziast despre carte:<\/p>\n\n\n\n<p><strong>Acad. Prof. Dr. Nicolae ZAMFIR \u2013 <\/strong>Vicepre\u0219edinte al Academiei Romane<\/p>\n\n\n\n<p><strong>Prof. Dr. ing. Gheorghe M\u01cdRMUREANU &#8211; <\/strong>Director Onorific al Institutului Na\u021bional C&amp;D pentru Fizica P\u0103m\u00e2ntului (INCDFP).<\/p>\n\n\n\n<p><strong>Prof. Dr. Marian APOSTOL, <\/strong>Cercet\u0103tor \u0218tiin\u021bific gr.1 Departamentul de Fizic\u0103 Teoretic\u0103 a IFIN-HH, Profesor de Fizic\u0103 teoretic\u0103 \u0219i membru al Academiei Europene<\/p>\n\n\n\n<p><strong>Prof. Dr.&nbsp; Andrei DOROBAN\u021aU- <\/strong>cercet\u0103tor \u0219tiin\u021bific gr.1<strong>&#8211; <\/strong>al Institutului Na\u021bional C&amp;D de Fizic\u0103 \u0219i Inginerie Nuclear\u0103 <strong>\u201eHoria HULUBEI\u201d ( IFIN- HH)<\/strong><\/p>\n\n\n\n<p><strong>Pr. Dr. Ing. Dumitru Grigore<\/strong> \u2013 cercet\u0103tor \u0219tiin\u021bific<\/p>\n\n\n\n<p>Atmosfera a fost una deosebit\u0103 iar Audien\u021ba a fost select\u0103, format\u0103 \u00een&nbsp; majoritate din cercet\u0103tori, oameni de \u0219tiin\u021b\u0103, medici, etc.<\/p>\n\n\n\n<p><strong>Cercet\u0103tor \u00eentre veacuri<\/strong> este o <a>\u00ee<\/a>mpletire \u00eentre&nbsp; fic\u021biunea literar\u0103 generat\u0103 de imagina\u021bia autorului \u0219i realitatea \u00een care au tr\u0103it cercet\u0103torii romani, at\u00e2t&nbsp; \u00een tipul perioadei dictaturii comuniste, cat \u0219i mai apoi, dup\u0103 Decembrie 1989, \u00een lunga \u0219i dureroasa&nbsp; perioad\u0103 de tranzi\u021bie spre democra\u021bie \u0219i economie de pia\u021b\u0103.&nbsp; Autorul a scris aceasta carte: <em>\u201cIn memoria bunicului Marin Grigore, care a luptat in tran\u0219ee pentru re\u00eentregirea Rom\u00e2niei Centenare\u201d<\/em> Filmul acestui eveniment literar deosebit poate fi urm\u0103rit acces\u00e2nd link-ul: <a href=\"https:\/\/www.youtube.com\/watch?app=desktop&amp;v=1ClNVm-Etsc\">https:\/\/www.youtube.com\/watch?app=desktop&amp;v=1ClNVm-Etsc<\/a><\/p>\n\n\n\n<p>Recenzii ale romanului Cercet\u0103tor \u00eentre veacuri, sub semn\u0103tura profesoarei Ioana Varga, au ap\u0103rut \u00een revista cercet\u0103torilor \u00een fizic\u0103, CURIERUL DE FIZICA, Nr. 84 din mai 2019, pagina 43 (vezi\u00a0<a href=\"https:\/\/www.adrian-grigore.com\/\" target=\"_blank\" rel=\"noreferrer noopener\">www.adrian-grigore.com<\/a>\u00a0\u2013 Comunicate de pres\u0103) , precum \u0219i \u00een Lumina Lina \u2013 Jurnal de spiritualitate \u0219i cultur\u0103 rom\u00e2neasc\u0103, (Anul XXIX\/ Nr. 2 aprilie-iunie 2024, pag. 166), editat de Institutul Rom\u00e2n de Teologie \u0219i Spiritualitate Ortodox\u0103 din New York \u2013 SUA<\/p>\n\n\n\n<p><a href=\"http:\/\/www.romanian-institute-ny.org\/\" target=\"_blank\" rel=\"noreferrer noopener\">www.romanian-institute-ny.org<\/a><\/p>\n\n\n\n<p>Autorul a donat 20 de exemplare ale romanului comunit\u0103\u021bii rom\u00e2ne\u0219ti din New York, precum \u0219i alte 20 de exemplare bibliotecilor din Republica Moldova.<\/p>\n\n\n\n<div style=\"height:100px\" aria-hidden=\"true\" class=\"wp-block-spacer\"><\/div>\n\n\n\n<p><\/p>\n","protected":false},"excerpt":{"rendered":"<p>Rom\u00e2n\u0103 \/ English ISBN: 978-606-716-820-4 Coperta: Leo Orman Lector: Ioana Grigore Varga Romanul Cercet\u0103tor \u00eentre veacuri al autorului Adrian Grigore a fost publicat \u00een 2018&nbsp; de c\u0103tre&nbsp; Editura ePubishers din Bucure\u0219ti \u0219i a fost lansat \u020bn 17 Noiembrie 2018, la standul Editurii ePublishers din cadrul T\u00e2rgului Interna\u021bional GAUDEAMUS &#8211; Carte de \u00eenv\u0103\u021b\u0103tur\u0103, edi\u021bia a XXV-a, [&hellip;]<\/p>\n","protected":false},"author":1,"featured_media":0,"parent":0,"menu_order":0,"comment_status":"closed","ping_status":"closed","template":"","meta":{"footnotes":""},"class_list":["post-92","page","type-page","status-publish","hentry"],"_links":{"self":[{"href":"https:\/\/www.adrian-grigore.com\/index.php?rest_route=\/wp\/v2\/pages\/92","targetHints":{"allow":["GET"]}}],"collection":[{"href":"https:\/\/www.adrian-grigore.com\/index.php?rest_route=\/wp\/v2\/pages"}],"about":[{"href":"https:\/\/www.adrian-grigore.com\/index.php?rest_route=\/wp\/v2\/types\/page"}],"author":[{"embeddable":true,"href":"https:\/\/www.adrian-grigore.com\/index.php?rest_route=\/wp\/v2\/users\/1"}],"replies":[{"embeddable":true,"href":"https:\/\/www.adrian-grigore.com\/index.php?rest_route=%2Fwp%2Fv2%2Fcomments&post=92"}],"version-history":[{"count":7,"href":"https:\/\/www.adrian-grigore.com\/index.php?rest_route=\/wp\/v2\/pages\/92\/revisions"}],"predecessor-version":[{"id":504,"href":"https:\/\/www.adrian-grigore.com\/index.php?rest_route=\/wp\/v2\/pages\/92\/revisions\/504"}],"wp:attachment":[{"href":"https:\/\/www.adrian-grigore.com\/index.php?rest_route=%2Fwp%2Fv2%2Fmedia&parent=92"}],"curies":[{"name":"wp","href":"https:\/\/api.w.org\/{rel}","templated":true}]}}