{"id":85,"date":"2024-03-08T19:52:46","date_gmt":"2024-03-08T19:52:46","guid":{"rendered":"http:\/\/wp.adrian-grigore.com\/?page_id=85"},"modified":"2024-06-04T21:28:57","modified_gmt":"2024-06-04T19:28:57","slug":"romanul-ultima-iarna","status":"publish","type":"page","link":"https:\/\/www.adrian-grigore.com\/?page_id=85","title":{"rendered":"Romanul &#8220;Ultima Iarn\u0103&#8221;"},"content":{"rendered":"\n<p><\/p>\n\n\n\n<div style=\"height:100px\" aria-hidden=\"true\" class=\"wp-block-spacer\"><\/div>\n\n\n\n<p>Rom\u00e2n\u0103 \/ <a href=\"https:\/\/www.adrian-grigore.com\/?page_id=82\" data-type=\"page\" data-id=\"82\">English<\/a><\/p>\n\n\n\n<p>ISBN: <strong>973-24-0995-9<\/strong><\/p>\n\n\n\n<p>Coperta: <strong>Mircea Muntenescu<\/strong><\/p>\n\n\n\n<p>Lector: <strong>Olga Silvia Turbatu<\/strong><\/p>\n\n\n\n<p>Romanul <strong>Ultima Iarn\u0103<\/strong> al autorului <strong>Adrian Grigore<\/strong> a fost publicat \u00een 2003 de c\u0103tre&nbsp; <strong>Editura Albatros<\/strong> din Bucure\u0219ti \u0219i a fost lansat la <strong>T\u00e2rgul interna\u021bional de carte, Bookarest 2003 <\/strong>din perioada21-25 mai 2003, la galeriile &#8220;Etaj 3\/4&#8221; si holul de la etajul 1 din cl\u0103direa Teatrului National, cea de-a 11-a edi\u021bie a T\u00e2rgului International de Carte Bucure\u0219ti. Prezentarea romanului a fost f\u0103cut\u0103 publicului de c\u0103tre <strong>Prof. univ. dr. Silviu Angelescu<\/strong>&nbsp; &#8211; <strong><em>Universitatea din Bucure\u0219ti<\/em><\/strong>, care a scris si synopsis-ul de pe coperta patru. Cartea a fost tradusa \u00een limba engleza de c\u0103tre regretata <strong>Viviane PRAGER<\/strong> si a fost publicata \u00een Statele Unite \u00een 2004, sub numele <strong>The Last Winter<\/strong>.<a href=\"https:\/\/www.google.com\/url?sa=t&amp;rct=j&amp;q=&amp;esrc=s&amp;source=web&amp;cd=&amp;cad=rja&amp;uact=8&amp;ved=2ahUKEwjsqNOZ2tWEAxUW_rsIHaO4BPwQFnoECBcQAQ&amp;url=https%3A%2F%2Fdexonline.ro%2Fdefinitie%2Fsynopsis%2F383273&amp;usg=AOvVaw0qeYXhlsocm2JG1p-6fxAj&amp;opi=89978449\"><\/a><\/p>\n\n\n\n<figure class=\"wp-block-image aligncenter size-full\"><img loading=\"lazy\" decoding=\"async\" width=\"322\" height=\"486\" src=\"https:\/\/www.adrian-grigore.com\/wp-content\/uploads\/2024\/05\/image-46.png\" alt=\"\" class=\"wp-image-388\" srcset=\"https:\/\/www.adrian-grigore.com\/wp-content\/uploads\/2024\/05\/image-46.png 322w, https:\/\/www.adrian-grigore.com\/wp-content\/uploads\/2024\/05\/image-46-199x300.png 199w\" sizes=\"auto, (max-width: 322px) 100vw, 322px\" \/><\/figure>\n\n\n\n<p><strong>&nbsp;Synopsis<\/strong><\/p>\n\n\n\n<p><\/p>\n\n\n\n<p>Adrian Grigore este un nume care s-a impus in literatura ultimului deceniu. Atras de roman \u0219i de disponibilit\u0103\u021bile epicului, Adrian Grigore construie\u0219te pe spatii ample, altern\u00e2ndu-\u0219i c\u00e2mpurile de interes, nu f\u0103r\u0103 leg\u0103tur\u0103 cu propria biografie, cu experien\u021bele tr\u0103ite de el, autorul, \u00een ordinea imediat\u0103 a vie\u021bii. \u00censcris \u00een real, autorul \u00ee\u0219i asum\u0103 condi\u021bia de martor al \u00eent\u00e2mpl\u0103rilor care intervin, distorsion\u00e2nd vie\u021bile oamenilor, \u00eenscriindu-le pe alte traiectorii, imprevizibile \u0219i adeseori nefericite.<\/p>\n\n\n\n<p> Dac\u0103 <strong>Traga \u015ferpilor,<\/strong> primul roman scris de Adrian Grigore, putea s\u0103 ilustreze un recul \u00een trecut, prin tratarea unei teme istorice, urm\u0103toarele dou\u0103 romane \u00ee\u0219i absorb substan\u021ba epic\u0103 din prezentul imediat. Este prezentul de <strong>acum<\/strong> \u0219i de <strong>aici <\/strong>a\u0219a cum \u00eel tr\u0103ie\u0219teun cercet\u0103tor \u0219tiin\u021bific, victim\u0103 discret\u0103 a procesului de tranzi\u021bie economic\u0103 \u0219i a promiscuit\u0103\u021bii \u00een care este aruncat\u0103 via\u021ba. Spirit clasic, Adrian Grigore se dovede\u0219te a fi, \u00een primul r\u00e2nd, un observator al vie\u021bii pe latura ei moral\u0103, f\u0103r\u0103 a fi \u0219i un moralist. Nevoia de valori ordonatoare, sugerat\u0103 de ceea ce se \u00eent\u00e2mpl\u0103 \u00een noul lui roman, <strong>Ultima iarn\u0103<\/strong>, pare a fi semnalul unei genera\u021bii al c\u0103rei mesager este Adrian Grigore.<\/p>\n\n\n\n<p><strong><em>Prof. univ. dr. Silviu Angelescu&nbsp; &#8211; Universitatea din Bucure\u0219ti<\/em><\/strong><\/p>\n\n\n\n<p><\/p>\n\n\n\n<div style=\"height:100px\" aria-hidden=\"true\" class=\"wp-block-spacer\"><\/div>\n\n\n\n<p><\/p>\n\n\n\n<p><\/p>\n","protected":false},"excerpt":{"rendered":"<p>Rom\u00e2n\u0103 \/ English ISBN: 973-24-0995-9 Coperta: Mircea Muntenescu Lector: Olga Silvia Turbatu Romanul Ultima Iarn\u0103 al autorului Adrian Grigore a fost publicat \u00een 2003 de c\u0103tre&nbsp; Editura Albatros din Bucure\u0219ti \u0219i a fost lansat la T\u00e2rgul interna\u021bional de carte, Bookarest 2003 din perioada21-25 mai 2003, la galeriile &#8220;Etaj 3\/4&#8221; si holul de la etajul 1 [&hellip;]<\/p>\n","protected":false},"author":1,"featured_media":0,"parent":0,"menu_order":0,"comment_status":"closed","ping_status":"closed","template":"","meta":{"footnotes":""},"class_list":["post-85","page","type-page","status-publish","hentry"],"_links":{"self":[{"href":"https:\/\/www.adrian-grigore.com\/index.php?rest_route=\/wp\/v2\/pages\/85","targetHints":{"allow":["GET"]}}],"collection":[{"href":"https:\/\/www.adrian-grigore.com\/index.php?rest_route=\/wp\/v2\/pages"}],"about":[{"href":"https:\/\/www.adrian-grigore.com\/index.php?rest_route=\/wp\/v2\/types\/page"}],"author":[{"embeddable":true,"href":"https:\/\/www.adrian-grigore.com\/index.php?rest_route=\/wp\/v2\/users\/1"}],"replies":[{"embeddable":true,"href":"https:\/\/www.adrian-grigore.com\/index.php?rest_route=%2Fwp%2Fv2%2Fcomments&post=85"}],"version-history":[{"count":7,"href":"https:\/\/www.adrian-grigore.com\/index.php?rest_route=\/wp\/v2\/pages\/85\/revisions"}],"predecessor-version":[{"id":499,"href":"https:\/\/www.adrian-grigore.com\/index.php?rest_route=\/wp\/v2\/pages\/85\/revisions\/499"}],"wp:attachment":[{"href":"https:\/\/www.adrian-grigore.com\/index.php?rest_route=%2Fwp%2Fv2%2Fmedia&parent=85"}],"curies":[{"name":"wp","href":"https:\/\/api.w.org\/{rel}","templated":true}]}}