{"id":75,"date":"2024-03-08T19:36:48","date_gmt":"2024-03-08T19:36:48","guid":{"rendered":"http:\/\/wp.adrian-grigore.com\/?page_id=75"},"modified":"2024-06-04T22:50:22","modified_gmt":"2024-06-04T20:50:22","slug":"alerta-maxima","status":"publish","type":"page","link":"https:\/\/www.adrian-grigore.com\/?page_id=75","title":{"rendered":"Romanul &#8220;Alert\u0103 Maxim\u0103&#8221;"},"content":{"rendered":"\n<p><\/p>\n\n\n\n<div style=\"height:100px\" aria-hidden=\"true\" class=\"wp-block-spacer\"><\/div>\n\n\n\n<p>Rom\u00e2n\u0103 \/ <a href=\"\/?page_id=79\">English<\/a><\/p>\n\n\n\n<p>ISBN: <strong>973-24-0837-5<\/strong><\/p>\n\n\n\n<p>Coperta: <strong>Mircea Muntenescu<\/strong><\/p>\n\n\n\n<p>Lector: <strong>Olga Silvia Turbatu<\/strong><\/p>\n\n\n\n<p>Tehnoredactor: <strong>Doina Nanu<\/strong><\/p>\n\n\n\n<p>Romanul <strong>Alert\u0103 Maxim\u0103 <\/strong>al autorului <strong>Adrian Grigore<\/strong> a fost publicat \u00een 2001 de c<a>\u0103<\/a>tre&nbsp; <strong>Editura  Albatros<\/strong> din Bucure\u0219ti \u0219i a fost lansat la <strong>T\u00e2rgul interna\u021bional de carte, <\/strong><strong>Gaudeamus, din perioada 28 noiembrie &#8211; 2 decembrie 2001,<\/strong> \u00een complexul expozi\u021bional <a href=\"https:\/\/ro.wikipedia.org\/wiki\/Romexpo\"><strong>Romexpo<\/strong><\/a><strong>.<\/strong> Prezentarea romanului a fost f\u0103cut<a>\u0103<\/a> publicului de c<a>\u0103<\/a>tre <strong>Prof. univ. dr. Silviu Angelescu<\/strong>&nbsp; de la <strong><em>Universitatea din Bucure\u0219ti<\/em><\/strong>, care a scris \u0219i synopsis-ul de pe coperta patru. O variant\u0103 mult modificat\u0103 a acestei c\u0103r\u021bi&nbsp; a fost tradus<a>\u0103<\/a> \u00een limba englez\u0103&nbsp; de c\u0103tre <strong>Alina Maria Grigore<\/strong> \u0219i&nbsp; a fost publicat\u0103 \u00een Statele Unite \u00een februarie 2024, sub&nbsp; titlul <strong>Red Alert for Romania<\/strong>.<\/p>\n\n\n\n<figure class=\"wp-block-image aligncenter size-full\"><img loading=\"lazy\" decoding=\"async\" width=\"310\" height=\"493\" src=\"https:\/\/www.adrian-grigore.com\/wp-content\/uploads\/2024\/05\/image-45.png\" alt=\"\" class=\"wp-image-381\" srcset=\"https:\/\/www.adrian-grigore.com\/wp-content\/uploads\/2024\/05\/image-45.png 310w, https:\/\/www.adrian-grigore.com\/wp-content\/uploads\/2024\/05\/image-45-189x300.png 189w\" sizes=\"auto, (max-width: 310px) 100vw, 310px\" \/><\/figure>\n\n\n\n<p>\u00a0 Aceast\u0103 carte poate fi g\u0103sit\u0103 la adresele:<\/p>\n\n\n\n<p><a href=\"https:\/\/www.redalertforromania.com\">https:\/\/www.redalertforromania.com<\/a><\/p>\n\n\n\n<p><a href=\"https:\/\/www.barnesandnoble.com\/w\/red-alert-for-romania-adrian-grigore\/1144906062\">https:\/\/www.barnesandnoble.com\/w\/red-alert-for-romania-adrian-grigore\/1144906062<\/a><\/p>\n\n\n\n<p class=\"has-text-align-left\"><strong>Synopsis<\/strong><\/p>\n\n\n\n<p><a><strong>ALERT\u0102 MAXIM\u0102 <\/strong><\/a>&nbsp;este, aparent,&nbsp; un roman de aventuri seduc\u0103tor, construit dup<a>\u0103<\/a> toate regulile  genului: seismologi implica\u021bi<a> \u00een <\/a>suita de <a>\u00een<\/a>t\u00e2mpl\u0103ri provocate de pr\u0103bu\u0219irea unui satelit militar sovietic, servicii secrete angajate \u00een opera\u021biuni dure de recuperare a codului de telecomand\u0103 a satelitului, agen\u021bi dubli&#8230; Dar aventura, de\u0219i captivant\u0103, nu este dec\u00e2t un pretext ce motiveaz\u0103 incursiunea \u00eentr-o lume bolnav\u0103- Romania \u00eenainte de anul 1989. Epilogul romanului ne aduce \u00een Romania de dup\u0103 1989 ale c\u0103rei continuit\u0103\u021bi \u00eei sufoc\u0103 schimb\u0103rile, dezv\u0103luindu-le p\u0103relnicia.<\/p>\n\n\n\n<p><strong><em>&nbsp;&nbsp;&nbsp;&nbsp;&nbsp; Profesor Dr. Silviu ANGELESCU &#8211; Universitatea din Bucure\u0219ti<\/em><\/strong><\/p>\n\n\n\n<div style=\"height:100px\" aria-hidden=\"true\" class=\"wp-block-spacer\"><\/div>\n\n\n\n<p><\/p>\n\n\n\n<p><\/p>\n\n\n\n<p><\/p>\n","protected":false},"excerpt":{"rendered":"<p>Rom\u00e2n\u0103 \/ English ISBN: 973-24-0837-5 Coperta: Mircea Muntenescu Lector: Olga Silvia Turbatu Tehnoredactor: Doina Nanu Romanul Alert\u0103 Maxim\u0103 al autorului Adrian Grigore a fost publicat \u00een 2001 de c\u0103tre&nbsp; Editura Albatros din Bucure\u0219ti \u0219i a fost lansat la T\u00e2rgul interna\u021bional de carte, Gaudeamus, din perioada 28 noiembrie &#8211; 2 decembrie 2001, \u00een complexul expozi\u021bional Romexpo. [&hellip;]<\/p>\n","protected":false},"author":1,"featured_media":0,"parent":0,"menu_order":0,"comment_status":"closed","ping_status":"closed","template":"","meta":{"footnotes":""},"class_list":["post-75","page","type-page","status-publish","hentry"],"_links":{"self":[{"href":"https:\/\/www.adrian-grigore.com\/index.php?rest_route=\/wp\/v2\/pages\/75","targetHints":{"allow":["GET"]}}],"collection":[{"href":"https:\/\/www.adrian-grigore.com\/index.php?rest_route=\/wp\/v2\/pages"}],"about":[{"href":"https:\/\/www.adrian-grigore.com\/index.php?rest_route=\/wp\/v2\/types\/page"}],"author":[{"embeddable":true,"href":"https:\/\/www.adrian-grigore.com\/index.php?rest_route=\/wp\/v2\/users\/1"}],"replies":[{"embeddable":true,"href":"https:\/\/www.adrian-grigore.com\/index.php?rest_route=%2Fwp%2Fv2%2Fcomments&post=75"}],"version-history":[{"count":7,"href":"https:\/\/www.adrian-grigore.com\/index.php?rest_route=\/wp\/v2\/pages\/75\/revisions"}],"predecessor-version":[{"id":541,"href":"https:\/\/www.adrian-grigore.com\/index.php?rest_route=\/wp\/v2\/pages\/75\/revisions\/541"}],"wp:attachment":[{"href":"https:\/\/www.adrian-grigore.com\/index.php?rest_route=%2Fwp%2Fv2%2Fmedia&parent=75"}],"curies":[{"name":"wp","href":"https:\/\/api.w.org\/{rel}","templated":true}]}}