{"id":561,"date":"2024-06-04T23:49:53","date_gmt":"2024-06-04T21:49:53","guid":{"rendered":"https:\/\/www.adrian-grigore.com\/?page_id=561"},"modified":"2024-06-04T23:49:53","modified_gmt":"2024-06-04T21:49:53","slug":"red-alert-for-romania-2","status":"publish","type":"page","link":"https:\/\/www.adrian-grigore.com\/?page_id=561","title":{"rendered":"RED ALERT FOR ROMANIA"},"content":{"rendered":"\n<div style=\"height:100px\" aria-hidden=\"true\" class=\"wp-block-spacer\"><\/div>\n\n\n\n<p>Sub aparen\u021ba unui roman poli\u021bist, \u00een care aventura ocup\u0103 un spa\u021biu generos,<br>romanul lui Adrian Grigore aduce \u00een actualitate via\u021ba rom\u00e2nilor \u00een ultima perioad\u0103<br>a comunismului, respectiv a dictaturii lui Ceau\u0219escu, perioad\u0103 pe care, prea repede o uit\u0103m, iar tinerii, din p\u0103cate, n-o cunosc. Motto-urile care prefa\u021beaz\u0103 romanul ne atrag aten\u021bia asupra inten\u021biei autorului: ,,Credem adesea c\u0103 lucrurile ce le-am uitat nici n-au fost\u201d (Nicolae IORGA) \/ ,,Cei care uit\u0103 trecutul sunt condamna\u021bi s\u0103-l repete\u201d (George SANTAYANA).<\/p>\n\n\n\n<p><br>Ca structur\u0103, romanul respect\u0103 schema unui ,,roman de aventuri seduc\u0103tor,<br>construit dup\u0103 toate regulile genului\u2026 Dar aventura, de\u0219i captivant\u0103, nu este dec\u00e2t un pretext ce motiveaz\u0103 incursiunea \u00eentr-o lume bolnav\u0103\u2026\u201d &#8211; Rom\u00e2nia ultimei<br>perioade a dictaturii comuniste. (Silviu Angelescu &#8211; coperta a IV-a, Ed. Albatros,<br>Bucure\u015fti, 2001).<br>Nara\u021biunea se structureaz\u0103 \u00eentr-o succesiune de secven\u021be, aparent<br>independente, viz\u00e2nd, \u00een paralel, competi\u021bia tehnologic\u0103 &#8211; Cursa Spa\u021bial\u0103 dintre<br>Statele Unite \u0219i Uniunea Sovietic\u0103, \u00een prelungirea R\u0103zboiului Rece. Ac\u021biunile<br>protagoni\u0219tilor graviteaz\u0103 \u00een jurul pr\u0103bu\u0219irii iminente a unui satelit sovietic ale<br>c\u0103rui baterii atomice pentru alimentarea sistemelor electronice ar fi produs, la<br>impactul cu P\u0103m\u00e2ntul, un dezastru greu de imaginat. Estim\u0103rile americanilor<br>indicau locul impactului &#8211; Europa de Est, mai exact, Mun\u021bii Dobrogei, aproape de<br>gurile Dun\u0103rii. Totul se concentreaz\u0103 pe interesul pentru cutia neagr\u0103 a acestui<br>satelit, (respectiv informa\u021biile cu caracter militar sau economic, ceea ce d\u0103<br>romanului substan\u021ba poli\u021bist\u0103; americanii, ru\u0219ii, evreii (prin \u0219eful Securit\u0103\u021bii din<br>Rom\u00e2nia) se spioneaz\u0103 reciproc. Catastrofa pe care ar fi produs-o pr\u0103bu\u0219irea<br>acestui satelit este ignorat\u0103, interesul concentr\u00e2ndu-se pe informa\u021bia militar\u0103 sau<br>economic\u0103 aflat\u0103 \u00een modulul codurilor, care trebuia recuperat\u0103 de c\u0103tre unii,<br>respectiv, capturat\u0103 de ceilal\u021bi. Fiecare ac\u021bioneaz\u0103 \u00een stilul caracteristic, angren\u00e2nd for\u021be \u0219i practici specifice, dezastrul r\u0103m\u00e2n\u00e2nd \u00een plan secund. Din acestea, transpar elemente definitorii pentru mediile \u00een care se produc: precizie, rigoare, suspiciune, teroare, degringolad\u0103 etc. Profesorul savant Eduard Gordon e folosit sub stricta comand\u0103 militar\u0103, \u00een condi\u021bii de maxim\u0103 securitate. Colonelul de contrainforma\u021bii Zapojnicov traverseaz\u0103 etape dure, de la extaz, la agonie (de la colonelul Zapojnicov, la emigrantul evreu Alexei Leibovici, p\u00e2n\u0103 la spionul Rasputin).<\/p>\n\n\n\n<p><br>Spionajul american se folose\u0219te de studen\u021bi infiltra\u021bi \u00een universit\u0103\u021bile din \u021b\u0103rile<br>comuniste (agen\u021bi arabi, rom\u00e2ni sau bulgari), cel rusesc, de rake\u021bi moldoveni.<br>Securitatea rom\u00e2n\u0103 racoleaz\u0103 tineri, de preferin\u021b\u0103 institu\u021bionaliza\u021bi, precum Ileana<br>Popescu sau Bebe Aur.<br>Secven\u021bele se asambleaz\u0103, ca \u00eentr-un puzzle, d\u00e2nd coeren\u021b\u0103 mesajului.<br>Ac\u021biunea se desf\u0103\u0219oar\u0103 pe fondul unei Rom\u00e2nii ur\u00e2\u021bite de comunism, cu metehne \u0219i practici dictatoriale. Actan\u021bii aparatului opresiv &#8211; partidul, securitatea, dictatorul &#8211; sacrific\u0103, prin \u00eenfometare \u0219i priva\u021biuni de tot felul, \u00eens\u0103\u0219i fiin\u021ba na\u021bional\u0103.<br>Exploat\u00e2nd aparenta deta\u0219are fa\u021b\u0103 de URSS, cu ambi\u021bii de independen\u021b\u0103<br>economic\u0103, pe fondul \u00eenfomet\u0103rii propriului popor, Ceau\u0219escu se viseaz\u0103 liderul<br>Lumii a Treia, folosind \u00een acest scop resursele \u021b\u0103rii.<br>Securitatea statului (generalul Virgil Ple\u0219ca, maiorul Alexe Marian \u0219. a.) e<br>atotputernic\u0103 \u0219i omniprezent\u0103: supravegheaz\u0103 totul &#8211; ascult\u0103 convorbiri, aprob\u0103 sau nu \u201eie\u0219irile\u201d din \u021bar\u0103 oric\u0103rei persoane, spioneaz\u0103 ambasadele \u0219i pe propriii agen\u021bi.<br>Nu e de mirare c\u0103 generalul Ple\u0219ca se consider\u0103 cel mai puternic om din \u021bar\u0103, dup\u0103 dictator. Lupta \u00eempotriva imperialismului, ca \u0219i vigilen\u021ba revolu\u021bionar\u0103 nu-l<br>\u00eempiedic\u0103 s\u0103 se \u00eembete cu coniac Hennessy, sau s\u0103 piard\u0103 sume \u00een valut\u0103 la jocurile de noroc de la casa conspirativ\u0103 \u201eCuibul berzelor\u201d. Nu se d\u0103 \u00een l\u0103turi \u00een a negocia eventuala \u201ecaptur\u0103\u201d (cutia neagr\u0103) pentru Israel, contra unor fabuloase avantaje pecuniare ilicite, antren\u00e2nd \u00een acest scop o puternic\u0103 re\u021bea de agen\u021bi ai Securit\u0103\u021bii rom\u00e2ne. Avid\u0103 de privilegii, securitatea orchestreaz\u0103 \u201eperdele de fum\u201d care \u00eenv\u0103luie mizeria vie\u021bii cotidiene a oamenilor &#8211; grija fiec\u0103ruia de \u201ea pune ceva\u201d pe masa familiei. Psihoza permanent\u0103 a oamenilor pentru a afla unde \u201ese d\u0103\u201d \u201eceva\u201d, cozile la alimente &#8211; tabloul antologic al cozii la br\u00e2nz\u0103 &#8211; trista \u201eoportunitate comercial\u0103\u201d a \u021b\u0103ranilor din pia\u021b\u0103, de a-\u0219i vinde ceapa, cu acest prilej, e \u00eentr-o flagrant\u0103 opozi\u021bie cu lipsa grijilor materiale \u0219i huzurul privilegia\u021bilor.<br>Coada \u201ela br\u00e2nz\u0103\u201d este imaginea emblematic\u0103 a st\u0103rii societ\u0103\u021bii rom\u00e2ne\u0219ti \u00een<br>ultimului deceniu al dictaturii comuniste. \u00centr-un ora\u0219 al \u0219tiin\u021bei (experiment social<br>tipic comunist!), convie\u021buiesc, din comandamente de partid, categorii sociale<br>diverse: muncitori, \u021b\u0103rani legumicultori, cercet\u0103tori fizicieni, pe care \u00eei adun\u0103, la<br>aceea\u0219i \u201ecoad\u0103\u201d, t\u0103v\u0103lugul comunist &#8211; foamea egalizatoare; unii, dispera\u021bi \u201es\u0103<br>apuce\u201d br\u00e2nz\u0103, ceilal\u021bi, resemna\u021bi \u0219i sc\u00e2rbi\u021bi. Imaginea celor doi cercet\u0103tori care, st\u00e2nd la coad\u0103, discut\u0103 probleme \u0219tiin\u021bifice \u0219i scriu cu creta formule pe tabla<br>ruginit\u0103 a por\u021bii, lua\u021bi \u00een der\u00e2dere de \u021b\u0103ranii \u201ezarzavagii\u201d, vorbe\u0219te de la sine despre condi\u021bia omului de \u0219tiin\u021b\u0103 \u00eentr-o astfel de societate.<br>Zvonuri, liste, \u00eenghesuial\u0103, \u021bipete, fum de gunoaie arse, valul de zer maroniu,<br>ur\u00e2t mirositor, n\u0103v\u0103lind peste picioarele oamenilor, \u00eenjur\u0103turi, se rostogolesc \u00eentr-<br>un vacarm grotesc, ca \u00eentr-un tablou de Hieronimus Bosch. Totul pare o comedie<br>neagr\u0103, cu actori diletan\u021bi, \u00eentr-un total dispre\u021b fa\u021b\u0103 de OM.<br>Demne de re\u021binut sunt amintirile profesorului Eduard Gordon, participant la<br>un simpozion de seismologie, simpozion urmat de o degustare de vinuri \u00een<br>Vrancea: domnul \u201esobru cu p\u0103r grizonat\u2026 costum albastru\u2026 cravat\u0103 ro\u0219ie\u2026<br>ochelari de soare\u201d care supraveghea \u00eendeaproape respectiva activitate \u0219tiin\u021bific\u0103<br>(poli\u021bia politic\u0103); tabloul liderului politic de deasupra butoaielor, considerat de el ca fiind proprietarul cramei; t\u0103cerea brusc\u0103 din jur, la aprecierea sa ironic\u0103 : \u201eun popor al c\u0103rui lider vegheaz\u0103, p\u00e2n\u0103 \u0219i \u00een beciurile cu vin, nu poate fi dec\u00e2t un popor fericit\u201d.<br>Dincolo de tensiunile dintre confrunt\u0103rile re\u021belelor de spioni, romanul<br>contureaz\u0103 o Rom\u00e2nie \u00eengenunchiat\u0103 de situa\u021bii \u0219i decizii aberante: lipsa<br>alimentelor, lipsa combustibililor (lipsa benzinei chiar \u0219i pentru ambulan\u021be!),<br>folosirea intelectualilor (cercet\u0103torilor) la munci derizorii (sortarea cartofilor,<br>ac\u021biunea ,,c\u0103ni\u021ba\u201d \u0219. a.) &#8211; toate &#8211; \u00een \u00eent\u00e2mpinarea Conferin\u021bei Na\u021bionale a Partidului<br>Comunist.<br>\u00cen tot acest turbion de spioni, agen\u021bi dubli, securi\u0219ti, activi\u0219ti de partid, este<br>antrenat automat \u0219i Institutul de Seismologie din Rom\u00e2nia. \u0218oferul Gic\u0103 \u0219i<br>electronistul George ajung, f\u0103r\u0103 s\u0103 vrea, protagoni\u0219tii unor aventuri riscante.<br>Personaje oneste, care \u00ee\u0219i fac datoria profesional, cu seriozitate, \u00eenfrunt\u00e2nd<br>vicisitudinile generate de lipsa mijloacelor tehnice, de neajunsurile vie\u021bii de zi cu<br>zi, se confrunt\u0103 fizic cu situa\u021bii care le pun via\u021ba \u00een pericol.<br>Ceea ce iese \u00een eviden\u021b\u0103 &#8211; \u0219i aceasta este \u0219i inten\u021bia autorului &#8211; este absurda<br>subordonare a activit\u0103\u021bii \u0219tiin\u021bifice comandamentelor de partid. Directorul<br>Institutului de Seismologie este la cheremul func\u021biilor politice cu care sunt<br>\u00eendritui\u021bi oameni f\u0103r\u0103 prea mult\u0103 instruc\u021bie, dar bine \u00eendoctrina\u021bi \u0219i r\u0103spl\u0103ti\u021bi cu<br>nenum\u0103rate privilegii. Opozi\u021bia singular\u0103 \u0219i firav\u0103 a unor cercet\u0103tori (refuzul de a participa la aberanta \u201emunc\u0103 patriotic\u0103\u201d sau alte activit\u0103\u021bi stupide) este sufocat\u0103<br>prin manevre politice: refuzul vizelor de ie\u0219ire din \u021bar\u0103 pentru particip\u0103ri la<br>reuniuni \u0219tiin\u021bifice, neacordarea unor drepturi legitime \u0219. a. Competen\u021ba<br>profesional\u0103 a cercet\u0103torilor precum Stoian nu conteaz\u0103 \u00een fa\u021ba activi\u0219tilor (C\u0103tan\u0103, Vasile, Gogea).<br>Ca \u00een celebra nuvel\u0103 a lui George Orwell, egalitatea social\u0103 func\u021bioneaz\u0103<br>dup\u0103 reguli comuniste: unii sunt mai egali dec\u00e2t al\u021bii! \u00cen virtutea \u201ediscrimin\u0103rii<br>politice\u201d care func\u021bioneaz\u0103 \u00een rela\u021bia dintre cet\u0103\u021beni \u0219i partid, \u201enici un membru de<br>partid nu mai merge la udat (porumbul \u201ecu c\u0103ni\u021ba\u201d!) \u2026\u201d, ci la Sala Polivalent\u0103, la<br>\u201emitingul prieteniei rom\u00e2no-zaireze\u201d! Activi\u0219tii partidului manevreaz\u0103 \u00een Institut<br>activit\u0103\u021bi derizorii (\u201esalvarea recoltei\u201d prin udare cu cana (!), confec\u021bionarea<br>pancartelor prin \u201ereconversia\u201d unora de pe vremea lui Stalin \u0219i Gheorghiu-Dej \u0219.<br>a.), dispozi\u021bii controversate &#8211; un real \u201emult zgomot pentru nimic\u201d. Activitatea de<br>baz\u0103 a Institutului este obstruc\u021bionat\u0103 de toat\u0103 aceast\u0103 agita\u021bie, speciali\u0219tii fiind<br>nevoi\u021bi s\u0103 \u00eenfrunte dispozi\u021biile sau s\u0103 se resemneze, cu sarcasm.<br>Metehnele, bine \u00eenr\u0103d\u0103cinate \u00een sistem, vor prolifera \u0219i dup\u0103 c\u0103derea<br>comunismului, cu aceea\u0219i protagoni\u0219ti, prin ac\u021biuni u\u0219or cosmetizate.<br>Dinamismul ac\u021biunii, stilul lipsit de ornamente, dialogul alert, bine adecvat<br>situa\u021biilor relatate \u00een roman, fac din acesta o lectur\u0103 atractiv\u0103, foarte accesibil\u0103.<br>Autorul pune \u00een eviden\u021b\u0103 limbajul \u201ede lemn\u201d \u0219i stereotipurile actorilor sociali ai<br>vremurilor evocate. Dincolo de fic\u021biunea specific\u0103 genului, romanul poate fi<br>considerat un valoros document al unei epoci care nu trebuie s\u0103 se repete.<\/p>\n\n\n\n<figure class=\"wp-block-image size-full\"><img loading=\"lazy\" decoding=\"async\" width=\"71\" height=\"87\" src=\"https:\/\/www.adrian-grigore.com\/wp-content\/uploads\/2024\/05\/image-42.png\" alt=\"\" class=\"wp-image-364\"\/><\/figure>\n\n\n\n<p>Prof. Ioana GRIGORE VARGA<br>Email: gr.ioana@gmail.com<br>Phone: + 40 723 144 325<\/p>\n","protected":false},"excerpt":{"rendered":"<p>Sub aparen\u021ba unui roman poli\u021bist, \u00een care aventura ocup\u0103 un spa\u021biu generos,romanul lui Adrian Grigore aduce \u00een actualitate via\u021ba rom\u00e2nilor \u00een ultima perioad\u0103a comunismului, respectiv a dictaturii lui Ceau\u0219escu, perioad\u0103 pe care, prea repede o uit\u0103m, iar tinerii, din p\u0103cate, n-o cunosc. Motto-urile care prefa\u021beaz\u0103 romanul ne atrag aten\u021bia asupra inten\u021biei autorului: ,,Credem adesea c\u0103 [&hellip;]<\/p>\n","protected":false},"author":1,"featured_media":0,"parent":0,"menu_order":0,"comment_status":"closed","ping_status":"closed","template":"","meta":{"footnotes":""},"class_list":["post-561","page","type-page","status-publish","hentry"],"_links":{"self":[{"href":"https:\/\/www.adrian-grigore.com\/index.php?rest_route=\/wp\/v2\/pages\/561","targetHints":{"allow":["GET"]}}],"collection":[{"href":"https:\/\/www.adrian-grigore.com\/index.php?rest_route=\/wp\/v2\/pages"}],"about":[{"href":"https:\/\/www.adrian-grigore.com\/index.php?rest_route=\/wp\/v2\/types\/page"}],"author":[{"embeddable":true,"href":"https:\/\/www.adrian-grigore.com\/index.php?rest_route=\/wp\/v2\/users\/1"}],"replies":[{"embeddable":true,"href":"https:\/\/www.adrian-grigore.com\/index.php?rest_route=%2Fwp%2Fv2%2Fcomments&post=561"}],"version-history":[{"count":1,"href":"https:\/\/www.adrian-grigore.com\/index.php?rest_route=\/wp\/v2\/pages\/561\/revisions"}],"predecessor-version":[{"id":562,"href":"https:\/\/www.adrian-grigore.com\/index.php?rest_route=\/wp\/v2\/pages\/561\/revisions\/562"}],"wp:attachment":[{"href":"https:\/\/www.adrian-grigore.com\/index.php?rest_route=%2Fwp%2Fv2%2Fmedia&parent=561"}],"curies":[{"name":"wp","href":"https:\/\/api.w.org\/{rel}","templated":true}]}}