{"id":557,"date":"2024-06-04T23:33:50","date_gmt":"2024-06-04T21:33:50","guid":{"rendered":"https:\/\/www.adrian-grigore.com\/?page_id=557"},"modified":"2024-06-07T00:03:56","modified_gmt":"2024-06-06T22:03:56","slug":"red-alert-for-romania","status":"publish","type":"page","link":"https:\/\/www.adrian-grigore.com\/?page_id=557","title":{"rendered":"RED ALERT FOR ROMANIA"},"content":{"rendered":"\n<p><\/p>\n\n\n\n<div style=\"height:100px\" aria-hidden=\"true\" class=\"wp-block-spacer\"><\/div>\n\n\n\n<p>Rom\u00e2n\u0103 \/ <a href=\"https:\/\/www.adrian-grigore.com\/?page_id=579\" data-type=\"page\" data-id=\"583\">English <\/a><\/p>\n\n\n\n<p><a href=\"https:\/\/www.redalertforromania.com\/\">https:\/\/www.redalertforromania.com\/<\/a><\/p>\n\n\n\n<p>ISBN<strong>: 978-1-6632-5959-2<\/strong><\/p>\n\n\n\n<p>A ap\u0103rut \u00een Februarie 2024 la <strong>iUniverse Publishing House<\/strong><\/p>\n\n\n\n<p><strong>Synopsis<\/strong><\/p>\n\n\n\n<p><strong>ALERT\u0102 RO\u0218IE PENTRU ROM\u00c2NIA<\/strong> &nbsp;este, aparent, &nbsp;un roman de aventuri seduc\u0103tor, construit dup\u0103 toate regulile genului: seismologi implica\u021bi \u00een suita de \u00eent\u00e2mpl\u0103ri provocate de pr\u0103bu\u0219irea unui satelit militar sovietic, servicii secrete angajate in opera\u021biuni dure de recuperare a codului de telecomanda a satelitului, agen\u021bi dubli&#8230; Dar aventura, de\u0219i captivanta, nu este dec\u00e2t un pretext ce motiveaz\u0103 incursiunea \u00eentr-o lume bolnava- Romania \u00eenainte de anul 1989. Epilogul romanului ne aduce in Romania de dup\u0103 1989 ale c\u0103rei continuit\u0103\u021bi ii sufoca schimb\u0103rile, dezv\u0103luindu-le fragilitatea.<\/p>\n\n\n\n<p class=\"has-text-align-left\"><strong>Profesor Dr. Silviu ANGELESCU<\/strong><\/p>\n\n\n\n<p class=\"has-text-align-left\"><strong>Universitatea din Bucure\u0219ti<\/strong><\/p>\n\n\n\n<p><a href=\"https:\/\/www.adrian-grigore.com\/?page_id=561\" data-type=\"page\" data-id=\"561\">Review<\/a><\/p>\n\n\n\n<p>Cartea poate fi gasit\u0103 la numeroase adrese online, cele mai accesibile fiind:<\/p>\n\n\n\n<p>&nbsp;<a href=\"https:\/\/www.barnesandnoble.com\/w\/red-alert-for-romania-adrian-grigore\/1144906062\">https:\/\/www.barnesandnoble.com\/w\/red-alert-for-romania-adrian-grigore\/1144906062<\/a><\/p>\n\n\n\n<p><a href=\"https:\/\/www.kobo.com\/gr\/en\/ebook\/red-alert-for-romania\">https:\/\/www.kobo.com\/gr\/en\/ebook\/red-alert-for-romania<\/a><\/p>\n\n\n\n<p><a href=\"https:\/\/www.iuniverse.com\/en\/bookstore\/bookdetails\/857751-red-alert-for-romania\">https:\/\/www.iuniverse.com\/en\/bookstore\/bookdetails\/857751-red-alert-for-romania<\/a><\/p>\n\n\n\n<p><a href=\"https:\/\/ro.everand.com\/book\/706988336\/RED-ALERT-FOR-ROMANIA\">https:\/\/ro.everand.com\/book\/706988336\/RED-ALERT-FOR-ROMANIA<\/a><\/p>\n\n\n\n<p><a href=\"https:\/\/www.vitalsource.com\/products\/red-alert-for-romania-adrian-grigore-v9781663259622\">https:\/\/www.vitalsource.com\/products\/red-alert-for-romania-adrian-grigore-v9781663259622<\/a><\/p>\n\n\n\n<p><a href=\"https:\/\/www.magersandquinn.com\/product\/RED-ALERT-FOR-ROMANIA\/26424668\">https:\/\/www.magersandquinn.com\/product\/RED-ALERT-FOR-ROMANIA\/26424668<\/a><\/p>\n\n\n\n<p><a href=\"https:\/\/alltimeprice.com\/product\/?pid=7906362735-88732707515\">https:\/\/alltimeprice.com\/product\/?pid=7906362735-88732707515<\/a><\/p>\n\n\n\n<p><a href=\"https:\/\/books.rakuten.co.jp\/rk\/1b97ee6d2ab43fe481cc7fb222171b47\">https:\/\/books.rakuten.co.jp\/rk\/1b97ee6d2ab43fe481cc7fb222171b47<\/a><\/p>\n\n\n\n<p><a href=\"https:\/\/www.kobo.com\/gr\/en\/ebook\/red-alert-for-romania\">https:\/\/www.kobo.com\/gr\/en\/ebook\/red-alert-for-romania<\/a><\/p>\n\n\n\n<p>.<\/p>\n\n\n\n<div style=\"height:100px\" aria-hidden=\"true\" class=\"wp-block-spacer\"><\/div>\n","protected":false},"excerpt":{"rendered":"<p>Rom\u00e2n\u0103 \/ English https:\/\/www.redalertforromania.com\/ ISBN: 978-1-6632-5959-2 A ap\u0103rut \u00een Februarie 2024 la iUniverse Publishing House Synopsis ALERT\u0102 RO\u0218IE PENTRU ROM\u00c2NIA &nbsp;este, aparent, &nbsp;un roman de aventuri seduc\u0103tor, construit dup\u0103 toate regulile genului: seismologi implica\u021bi \u00een suita de \u00eent\u00e2mpl\u0103ri provocate de pr\u0103bu\u0219irea unui satelit militar sovietic, servicii secrete angajate in opera\u021biuni dure de recuperare a codului [&hellip;]<\/p>\n","protected":false},"author":1,"featured_media":0,"parent":0,"menu_order":0,"comment_status":"closed","ping_status":"closed","template":"","meta":{"footnotes":""},"class_list":["post-557","page","type-page","status-publish","hentry"],"_links":{"self":[{"href":"https:\/\/www.adrian-grigore.com\/index.php?rest_route=\/wp\/v2\/pages\/557","targetHints":{"allow":["GET"]}}],"collection":[{"href":"https:\/\/www.adrian-grigore.com\/index.php?rest_route=\/wp\/v2\/pages"}],"about":[{"href":"https:\/\/www.adrian-grigore.com\/index.php?rest_route=\/wp\/v2\/types\/page"}],"author":[{"embeddable":true,"href":"https:\/\/www.adrian-grigore.com\/index.php?rest_route=\/wp\/v2\/users\/1"}],"replies":[{"embeddable":true,"href":"https:\/\/www.adrian-grigore.com\/index.php?rest_route=%2Fwp%2Fv2%2Fcomments&post=557"}],"version-history":[{"count":7,"href":"https:\/\/www.adrian-grigore.com\/index.php?rest_route=\/wp\/v2\/pages\/557\/revisions"}],"predecessor-version":[{"id":596,"href":"https:\/\/www.adrian-grigore.com\/index.php?rest_route=\/wp\/v2\/pages\/557\/revisions\/596"}],"wp:attachment":[{"href":"https:\/\/www.adrian-grigore.com\/index.php?rest_route=%2Fwp%2Fv2%2Fmedia&parent=557"}],"curies":[{"name":"wp","href":"https:\/\/api.w.org\/{rel}","templated":true}]}}