{"id":533,"date":"2024-06-04T22:38:46","date_gmt":"2024-06-04T20:38:46","guid":{"rendered":"https:\/\/www.adrian-grigore.com\/?page_id=533"},"modified":"2024-06-04T22:42:09","modified_gmt":"2024-06-04T20:42:09","slug":"533-2","status":"publish","type":"page","link":"https:\/\/www.adrian-grigore.com\/?page_id=533","title":{"rendered":"The LAST WINTER"},"content":{"rendered":"\n<div style=\"height:100px\" aria-hidden=\"true\" class=\"wp-block-spacer\"><\/div>\n\n\n\n<p class=\"has-inter-font-family has-small-font-size\" style=\"margin-top:0;margin-right:0;margin-bottom:var(--wp--preset--spacing--40);margin-left:0\"><\/p>\n\n\n\n<p class=\"has-small-font-size\">ISBN\u00a0<strong>978-1-961879-08-9<\/strong>\u00a0(sc)<\/p>\n\n\n\n<p class=\"has-inter-font-family has-small-font-size\" style=\"margin-top:0;margin-right:0;margin-bottom:var(--wp--preset--spacing--40);margin-left:0\">ISBN <strong>978-1-961879-09-6<\/strong> (e)<\/p>\n\n\n\n<p>Ap\u0103rut\u0103 la Author Cabin \u00een 2023<\/p>\n\n\n\n<p>\u201eUltima iarn\u0103 descrie agonia unui cercet\u0103tor anonim \u0219i, \u00een linii mari, a intelectualit\u0103\u021bii rom\u00e2ne\u0219ti sincere, \u00een perioada confuz\u0103 care a urmat r\u0103sturn\u0103rii dictaturii lui Nicolae Ceau\u0219escu la sf\u00e2r\u0219itul anului 1989. Priva\u021biunile pe care politicienii le-au impus publicului rom\u00e2n&nbsp;de dragul unei treceri ambivalente la economia de pia\u021b\u0103 \u0219i al bun\u0103st\u0103rii viitoare am\u0103gitoare a avut un impact serios asupra \u021b\u0103rii.&nbsp;Personajul principal s-a trezit prins \u00eentre dou\u0103 lumi aparent diferite, dar care nu difer\u0103 aproape deloc \u00een realitate, \u00een m\u0103sura \u00een care erau produse ale aceleia\u0219i clicuri de politicieni care nu au f\u0103cut dec\u00e2t s\u0103 fac\u0103 fa\u021b\u0103 \u00eentors\u0103turii politice a Europei de Est din anii 1990.&nbsp;Persecutat sub regimul comunist, personajul are probleme \u00een a se adapta la simularea capitalismului care urmeaz\u0103.\u201d&nbsp;(<em>Viviane Prager<\/em>)<\/p>\n\n\n\n<p><a href=\"https:\/\/www.adrian-grigore.com\/?page_id=517\">Review<\/a><\/p>\n","protected":false},"excerpt":{"rendered":"<p>ISBN\u00a0978-1-961879-08-9\u00a0(sc) ISBN 978-1-961879-09-6 (e) Ap\u0103rut\u0103 la Author Cabin \u00een 2023 \u201eUltima iarn\u0103 descrie agonia unui cercet\u0103tor anonim \u0219i, \u00een linii mari, a intelectualit\u0103\u021bii rom\u00e2ne\u0219ti sincere, \u00een perioada confuz\u0103 care a urmat r\u0103sturn\u0103rii dictaturii lui Nicolae Ceau\u0219escu la sf\u00e2r\u0219itul anului 1989. Priva\u021biunile pe care politicienii le-au impus publicului rom\u00e2n&nbsp;de dragul unei treceri ambivalente la economia de [&hellip;]<\/p>\n","protected":false},"author":1,"featured_media":0,"parent":0,"menu_order":0,"comment_status":"closed","ping_status":"closed","template":"","meta":{"footnotes":""},"class_list":["post-533","page","type-page","status-publish","hentry"],"_links":{"self":[{"href":"https:\/\/www.adrian-grigore.com\/index.php?rest_route=\/wp\/v2\/pages\/533","targetHints":{"allow":["GET"]}}],"collection":[{"href":"https:\/\/www.adrian-grigore.com\/index.php?rest_route=\/wp\/v2\/pages"}],"about":[{"href":"https:\/\/www.adrian-grigore.com\/index.php?rest_route=\/wp\/v2\/types\/page"}],"author":[{"embeddable":true,"href":"https:\/\/www.adrian-grigore.com\/index.php?rest_route=\/wp\/v2\/users\/1"}],"replies":[{"embeddable":true,"href":"https:\/\/www.adrian-grigore.com\/index.php?rest_route=%2Fwp%2Fv2%2Fcomments&post=533"}],"version-history":[{"count":2,"href":"https:\/\/www.adrian-grigore.com\/index.php?rest_route=\/wp\/v2\/pages\/533\/revisions"}],"predecessor-version":[{"id":536,"href":"https:\/\/www.adrian-grigore.com\/index.php?rest_route=\/wp\/v2\/pages\/533\/revisions\/536"}],"wp:attachment":[{"href":"https:\/\/www.adrian-grigore.com\/index.php?rest_route=%2Fwp%2Fv2%2Fmedia&parent=533"}],"curies":[{"name":"wp","href":"https:\/\/api.w.org\/{rel}","templated":true}]}}