{"id":511,"date":"2024-06-04T21:58:00","date_gmt":"2024-06-04T19:58:00","guid":{"rendered":"https:\/\/www.adrian-grigore.com\/?page_id=511"},"modified":"2024-06-04T22:16:03","modified_gmt":"2024-06-04T20:16:03","slug":"the-last-winter-3","status":"publish","type":"page","link":"https:\/\/www.adrian-grigore.com\/?page_id=511","title":{"rendered":"The Last Winter"},"content":{"rendered":"\n<div style=\"height:100px\" aria-hidden=\"true\" class=\"wp-block-spacer\"><\/div>\n\n\n\n<p>ISBN:&nbsp;<strong>0-595-31270-5<\/strong><\/p>\n\n\n\n<p>Ap\u0103ruta la iUniverse \u00een 2004<\/p>\n\n\n\n<p>Dou\u0103 lumi si o singura poveste. Dou\u0103 lumi care se pr\u0103bu\u0219esc: Rom\u00e2nia din agonia domniei lui Ceau\u0219escu \u0219i sub succesorii s\u0103i \u0219i Ninive, condamnat\u0103, cu pu\u021bin timp \u00eenainte de cucerirea babilonian\u0103 \u00een 612 \u00ee.Hr. O singur\u0103 poveste: corup\u021bie, f\u0103r\u0103delege, degradare moral\u0103 omniprezent\u0103 \u0219i cruzime. Conduc\u0103torii \u0219i t\u00e2lharii sunt aproape imposibil de distins unul de altul. O mic\u0103 minoritate de oameni one\u0219ti \u00eenc\u0103 \u00eencearc\u0103 s\u0103-\u0219i schimbe lumile: unii lupt\u0103 \u00een revolu\u021bii s\u00e2ngeroase, al\u021bii elaboreaz\u0103 noi legi. Au o \u0219ans\u0103? Personajul principal, un cercet\u0103tor, provine din r\u00e2ndurile lor. El are&nbsp; o viziune pe termen lung. El pare s\u0103 cread\u0103 c\u0103, dincolo de declinul \u0219i pedeapsa lor, ambele lumi mai au ceva de salvat &#8211; bibliotecile lor, identit\u0103\u021bile lor culturale. Ultima iarn\u0103 \u00ee\u0219i relateaz\u0103 visele, lupta \u0219i, implicit, speran\u021ba lui. El are \u00een esen\u021b\u0103 un prieten, o pisic\u0103 \u0219i o speran\u021b\u0103 &#8211; c\u0103 genera\u021biile viitoare vor aprecia \u0219i vor avea nevoie de mo\u0219tenirea pe care se str\u0103duie\u0219te s\u0103 o p\u0103streze. S\u0103-i&nbsp;ur\u0103m noroc. (<strong><em>Viviane Prager<\/em><\/strong>)<\/p>\n\n\n\n<p><\/p>\n\n\n\n<p><a href=\"https:\/\/www.adrian-grigore.com\/?page_id=517\">Review<\/a><\/p>\n\n\n\n<div style=\"height:100px\" aria-hidden=\"true\" class=\"wp-block-spacer\"><\/div>\n","protected":false},"excerpt":{"rendered":"<p>ISBN:&nbsp;0-595-31270-5 Ap\u0103ruta la iUniverse \u00een 2004 Dou\u0103 lumi si o singura poveste. Dou\u0103 lumi care se pr\u0103bu\u0219esc: Rom\u00e2nia din agonia domniei lui Ceau\u0219escu \u0219i sub succesorii s\u0103i \u0219i Ninive, condamnat\u0103, cu pu\u021bin timp \u00eenainte de cucerirea babilonian\u0103 \u00een 612 \u00ee.Hr. O singur\u0103 poveste: corup\u021bie, f\u0103r\u0103delege, degradare moral\u0103 omniprezent\u0103 \u0219i cruzime. Conduc\u0103torii \u0219i t\u00e2lharii sunt aproape [&hellip;]<\/p>\n","protected":false},"author":1,"featured_media":0,"parent":0,"menu_order":0,"comment_status":"closed","ping_status":"closed","template":"","meta":{"footnotes":""},"class_list":["post-511","page","type-page","status-publish","hentry"],"_links":{"self":[{"href":"https:\/\/www.adrian-grigore.com\/index.php?rest_route=\/wp\/v2\/pages\/511","targetHints":{"allow":["GET"]}}],"collection":[{"href":"https:\/\/www.adrian-grigore.com\/index.php?rest_route=\/wp\/v2\/pages"}],"about":[{"href":"https:\/\/www.adrian-grigore.com\/index.php?rest_route=\/wp\/v2\/types\/page"}],"author":[{"embeddable":true,"href":"https:\/\/www.adrian-grigore.com\/index.php?rest_route=\/wp\/v2\/users\/1"}],"replies":[{"embeddable":true,"href":"https:\/\/www.adrian-grigore.com\/index.php?rest_route=%2Fwp%2Fv2%2Fcomments&post=511"}],"version-history":[{"count":4,"href":"https:\/\/www.adrian-grigore.com\/index.php?rest_route=\/wp\/v2\/pages\/511\/revisions"}],"predecessor-version":[{"id":519,"href":"https:\/\/www.adrian-grigore.com\/index.php?rest_route=\/wp\/v2\/pages\/511\/revisions\/519"}],"wp:attachment":[{"href":"https:\/\/www.adrian-grigore.com\/index.php?rest_route=%2Fwp%2Fv2%2Fmedia&parent=511"}],"curies":[{"name":"wp","href":"https:\/\/api.w.org\/{rel}","templated":true}]}}