{"id":319,"date":"2024-05-19T13:12:18","date_gmt":"2024-05-19T11:12:18","guid":{"rendered":"https:\/\/www.adrian-grigore.com\/?page_id=319"},"modified":"2024-05-19T13:32:07","modified_gmt":"2024-05-19T11:32:07","slug":"donatii-biblioteci","status":"publish","type":"page","link":"https:\/\/www.adrian-grigore.com\/?page_id=319","title":{"rendered":"Dona\u021bii Biblioteci"},"content":{"rendered":"\n<div style=\"height:100px\" aria-hidden=\"true\" class=\"wp-block-spacer\"><\/div>\n\n\n\n<p>English \/ <a href=\"#romana\">Rom\u00e2na<\/a><\/p>\n\n\n\n<p>On <strong>April 24-25, 2024<\/strong>, the author <strong>Adrian Grigore<\/strong> visited several public libraries, in <strong>Portland-OREGON<\/strong> and its surroundings, to which he donated <strong>The Last Winter<\/strong> books, with autographs, as proof of his appreciation for the work of libraries and librarians.<\/p>\n\n\n\n<p>&nbsp;The author&#8217;s philanthropic action was carried out under the motto: <strong><em>&#8220;The Last Winter, a book about libraries, given to all readers&#8221;<\/em><\/strong><\/p>\n\n\n\n<p>The books were accepted with joy by the library staff.<\/p>\n\n\n\n<p>The libraries mentioned below were visited:<\/p>\n\n\n\n<div style=\"height:100px\" aria-hidden=\"true\" class=\"wp-block-spacer\"><\/div>\n\n\n\n<p><a id=\"romana\"><\/a>\u00cen perioada <strong>24-25 aprilie 2024<\/strong>, autorul <strong>Adrian Grigore<\/strong> a vizitat mai multe biblioteci publice, din <strong>Portland-OREGON<\/strong> \u0219i \u00eemprejurimi, c\u0103rora le-a donat c\u0103r\u021bi <strong>The Last Winter,<\/strong> cu autografe, ca dovad\u0103 a aprecierii sale pentru munca bibliotecilor \u0219i a bibliotecarilor.<\/p>\n\n\n\n<p>Ac\u021biunea filantropica a autorului s-a desf\u0103\u0219urat sub deviza: <strong><em>\u201eThe Last Winter\u201d, o carte despre biblioteci, oferit\u0103 tuturor cititorilor\u201d<\/em><\/strong><\/p>\n\n\n\n<p>C\u0103r\u021bile au fost acceptate cu bucurie de personalul bibliotecilor.<\/p>\n\n\n\n<p>Au fost vizitate bibliotecile men\u021bionate mai jos:<\/p>\n\n\n\n<div style=\"height:43px\" aria-hidden=\"true\" class=\"wp-block-spacer\"><\/div>\n\n\n\n<figure class=\"wp-block-table\"><table><tbody><tr><td><strong>Aloha Community Library<\/strong><br>503-259-0185<br>17455 SW Farmington Road<\/td><td><strong>Banks Public Library<\/strong><br>503-324-1382<br>42461 NW Market Street<\/td><\/tr><tr><td><strong>Beaverton City Library Main<\/strong><br>530-644-2197<br>12375 SW Fifth Street<\/td><td><strong>Beaverton City Library<\/strong><br><strong>Murray Scholls<\/strong><br>503-644-2197<br>11200 SW Murray Scholls Place<\/td><\/tr><tr><td><strong>Bethany Library<\/strong><br>503-617-7323<br>15325 NW Central Drive, Portland<\/td><td><strong>Cedar Mill Library<\/strong><br>503-644-0043<br>1080 NW Saltzman Road, Portland<\/td><\/tr><tr><td><strong>Cornelius Public Library<\/strong><br>503-357-4093<br>1370 N Adair Street<\/td><td><strong>Forest Grove City Library<\/strong><br>503-992-3247<br>2114 Pacific Avenue<\/td><\/tr><tr><td><strong>Garden Home<\/strong><br><strong>Community Library<\/strong><br>503-245-9932<br>7475 SW Oleson Road, Portland<\/td><td><strong>Hillsboro Public Library,<\/strong><br><strong>Brookwood<\/strong><br>503-615-6500<br>2850 NE Brookwood Parkway<\/td><\/tr><tr><td><strong>Hillsboro Public Library,<\/strong><br><strong>Shute Park<\/strong><br>503-615-6500<br>775 SE 10th Avenue<\/td><td><strong>North Plains Public Library<\/strong><br>503-647-5051<br>31334 NW Commercial Street<\/td><\/tr><tr><td><strong>Sherwood Public Library<\/strong><br>503-625-6688<br>22560 SW Pine Street<\/td><td><strong>Tigard Public Library<\/strong><br>503-684-6537<br>13500 SW Hall Boulevard<\/td><\/tr><tr><td><strong>Tualatin Public Library<\/strong><br>503-691-3074<br>18878 SW Martinazzi Avenue<\/td><td><strong>West Slope Library<\/strong><br>503-846-6416<br>3678 SW 78th Avenue, Portland<\/td><\/tr><\/tbody><\/table><\/figure>\n\n\n\n<div class=\"wp-block-group is-nowrap is-layout-flex wp-container-core-group-is-layout-6c531013 wp-block-group-is-layout-flex\">\n<figure class=\"wp-block-image size-full\"><img loading=\"lazy\" decoding=\"async\" width=\"390\" height=\"453\" src=\"https:\/\/www.adrian-grigore.com\/wp-content\/uploads\/2024\/05\/image-12.png\" alt=\"\" class=\"wp-image-320\" srcset=\"https:\/\/www.adrian-grigore.com\/wp-content\/uploads\/2024\/05\/image-12.png 390w, https:\/\/www.adrian-grigore.com\/wp-content\/uploads\/2024\/05\/image-12-258x300.png 258w\" sizes=\"auto, (max-width: 390px) 100vw, 390px\" \/><\/figure>\n\n\n\n<figure class=\"wp-block-image size-full is-resized\"><img loading=\"lazy\" decoding=\"async\" width=\"397\" height=\"614\" src=\"https:\/\/www.adrian-grigore.com\/wp-content\/uploads\/2024\/05\/image-13.png\" alt=\"\" class=\"wp-image-321\" style=\"width:288px;height:auto\" srcset=\"https:\/\/www.adrian-grigore.com\/wp-content\/uploads\/2024\/05\/image-13.png 397w, https:\/\/www.adrian-grigore.com\/wp-content\/uploads\/2024\/05\/image-13-194x300.png 194w\" sizes=\"auto, (max-width: 397px) 100vw, 397px\" \/><\/figure>\n<\/div>\n\n\n\n<div style=\"height:39px\" aria-hidden=\"true\" class=\"wp-block-spacer\"><\/div>\n\n\n\n<div class=\"wp-block-group is-nowrap is-layout-flex wp-container-core-group-is-layout-6c531013 wp-block-group-is-layout-flex\">\n<figure class=\"wp-block-image size-full\"><img loading=\"lazy\" decoding=\"async\" width=\"393\" height=\"554\" src=\"https:\/\/www.adrian-grigore.com\/wp-content\/uploads\/2024\/05\/image-15.png\" alt=\"\" class=\"wp-image-323\" srcset=\"https:\/\/www.adrian-grigore.com\/wp-content\/uploads\/2024\/05\/image-15.png 393w, https:\/\/www.adrian-grigore.com\/wp-content\/uploads\/2024\/05\/image-15-213x300.png 213w\" sizes=\"auto, (max-width: 393px) 100vw, 393px\" \/><\/figure>\n\n\n\n<figure class=\"wp-block-image size-full is-resized\"><img loading=\"lazy\" decoding=\"async\" width=\"480\" height=\"640\" src=\"https:\/\/www.adrian-grigore.com\/wp-content\/uploads\/2024\/05\/image-16.png\" alt=\"\" class=\"wp-image-324\" style=\"width:379px;height:auto\" srcset=\"https:\/\/www.adrian-grigore.com\/wp-content\/uploads\/2024\/05\/image-16.png 480w, https:\/\/www.adrian-grigore.com\/wp-content\/uploads\/2024\/05\/image-16-225x300.png 225w\" sizes=\"auto, (max-width: 480px) 100vw, 480px\" \/><\/figure>\n<\/div>\n\n\n\n<div style=\"height:36px\" aria-hidden=\"true\" class=\"wp-block-spacer\"><\/div>\n\n\n\n<div class=\"wp-block-group is-nowrap is-layout-flex wp-container-core-group-is-layout-6c531013 wp-block-group-is-layout-flex\">\n<figure class=\"wp-block-image size-full\"><img loading=\"lazy\" decoding=\"async\" width=\"436\" height=\"370\" src=\"https:\/\/www.adrian-grigore.com\/wp-content\/uploads\/2024\/05\/image-17.png\" alt=\"\" class=\"wp-image-325\" srcset=\"https:\/\/www.adrian-grigore.com\/wp-content\/uploads\/2024\/05\/image-17.png 436w, https:\/\/www.adrian-grigore.com\/wp-content\/uploads\/2024\/05\/image-17-300x255.png 300w\" sizes=\"auto, (max-width: 436px) 100vw, 436px\" \/><\/figure>\n\n\n\n<figure class=\"wp-block-image size-full is-resized\"><img loading=\"lazy\" decoding=\"async\" width=\"468\" height=\"539\" src=\"https:\/\/www.adrian-grigore.com\/wp-content\/uploads\/2024\/05\/image-18.png\" alt=\"\" class=\"wp-image-326\" style=\"width:311px;height:auto\" srcset=\"https:\/\/www.adrian-grigore.com\/wp-content\/uploads\/2024\/05\/image-18.png 468w, https:\/\/www.adrian-grigore.com\/wp-content\/uploads\/2024\/05\/image-18-260x300.png 260w\" sizes=\"auto, (max-width: 468px) 100vw, 468px\" \/><\/figure>\n<\/div>\n\n\n\n<div style=\"height:37px\" aria-hidden=\"true\" class=\"wp-block-spacer\"><\/div>\n\n\n\n<div class=\"wp-block-group is-nowrap is-layout-flex wp-container-core-group-is-layout-6c531013 wp-block-group-is-layout-flex\">\n<figure class=\"wp-block-image size-full\"><img loading=\"lazy\" decoding=\"async\" width=\"442\" height=\"520\" src=\"https:\/\/www.adrian-grigore.com\/wp-content\/uploads\/2024\/05\/image-20.png\" alt=\"\" class=\"wp-image-328\" srcset=\"https:\/\/www.adrian-grigore.com\/wp-content\/uploads\/2024\/05\/image-20.png 442w, https:\/\/www.adrian-grigore.com\/wp-content\/uploads\/2024\/05\/image-20-255x300.png 255w\" sizes=\"auto, (max-width: 442px) 100vw, 442px\" \/><\/figure>\n\n\n\n<figure class=\"wp-block-image size-full\"><img loading=\"lazy\" decoding=\"async\" width=\"480\" height=\"526\" src=\"https:\/\/www.adrian-grigore.com\/wp-content\/uploads\/2024\/05\/image-21.png\" alt=\"\" class=\"wp-image-329\" srcset=\"https:\/\/www.adrian-grigore.com\/wp-content\/uploads\/2024\/05\/image-21.png 480w, https:\/\/www.adrian-grigore.com\/wp-content\/uploads\/2024\/05\/image-21-274x300.png 274w\" sizes=\"auto, (max-width: 480px) 100vw, 480px\" \/><\/figure>\n<\/div>\n\n\n\n<div style=\"height:39px\" aria-hidden=\"true\" class=\"wp-block-spacer\"><\/div>\n\n\n\n<div class=\"wp-block-group is-nowrap is-layout-flex wp-container-core-group-is-layout-6c531013 wp-block-group-is-layout-flex\">\n<figure class=\"wp-block-image size-full\"><img loading=\"lazy\" decoding=\"async\" width=\"392\" height=\"496\" src=\"https:\/\/www.adrian-grigore.com\/wp-content\/uploads\/2024\/05\/image-22.png\" alt=\"\" class=\"wp-image-330\" srcset=\"https:\/\/www.adrian-grigore.com\/wp-content\/uploads\/2024\/05\/image-22.png 392w, https:\/\/www.adrian-grigore.com\/wp-content\/uploads\/2024\/05\/image-22-237x300.png 237w\" sizes=\"auto, (max-width: 392px) 100vw, 392px\" \/><\/figure>\n\n\n\n<figure class=\"wp-block-image size-full is-resized\"><img loading=\"lazy\" decoding=\"async\" width=\"456\" height=\"522\" src=\"https:\/\/www.adrian-grigore.com\/wp-content\/uploads\/2024\/05\/image-23.png\" alt=\"\" class=\"wp-image-331\" style=\"width:383px;height:auto\" srcset=\"https:\/\/www.adrian-grigore.com\/wp-content\/uploads\/2024\/05\/image-23.png 456w, https:\/\/www.adrian-grigore.com\/wp-content\/uploads\/2024\/05\/image-23-262x300.png 262w\" sizes=\"auto, (max-width: 456px) 100vw, 456px\" \/><\/figure>\n<\/div>\n\n\n\n<div style=\"height:38px\" aria-hidden=\"true\" class=\"wp-block-spacer\"><\/div>\n\n\n\n<div class=\"wp-block-group is-nowrap is-layout-flex wp-container-core-group-is-layout-6c531013 wp-block-group-is-layout-flex\">\n<figure class=\"wp-block-image size-full is-resized\"><img loading=\"lazy\" decoding=\"async\" width=\"389\" height=\"534\" src=\"https:\/\/www.adrian-grigore.com\/wp-content\/uploads\/2024\/05\/image-24.png\" alt=\"\" class=\"wp-image-332\" style=\"width:335px;height:auto\" srcset=\"https:\/\/www.adrian-grigore.com\/wp-content\/uploads\/2024\/05\/image-24.png 389w, https:\/\/www.adrian-grigore.com\/wp-content\/uploads\/2024\/05\/image-24-219x300.png 219w\" sizes=\"auto, (max-width: 389px) 100vw, 389px\" \/><\/figure>\n\n\n\n<figure class=\"wp-block-image size-full is-resized\"><img loading=\"lazy\" decoding=\"async\" width=\"351\" height=\"400\" src=\"https:\/\/www.adrian-grigore.com\/wp-content\/uploads\/2024\/05\/image-26.png\" alt=\"\" class=\"wp-image-334\" style=\"width:400px;height:auto\" srcset=\"https:\/\/www.adrian-grigore.com\/wp-content\/uploads\/2024\/05\/image-26.png 351w, https:\/\/www.adrian-grigore.com\/wp-content\/uploads\/2024\/05\/image-26-263x300.png 263w\" sizes=\"auto, (max-width: 351px) 100vw, 351px\" \/><\/figure>\n<\/div>\n\n\n\n<div style=\"height:37px\" aria-hidden=\"true\" class=\"wp-block-spacer\"><\/div>\n\n\n\n<div class=\"wp-block-group is-nowrap is-layout-flex wp-container-core-group-is-layout-6c531013 wp-block-group-is-layout-flex\">\n<figure class=\"wp-block-image size-full\"><img loading=\"lazy\" decoding=\"async\" width=\"356\" height=\"438\" src=\"https:\/\/www.adrian-grigore.com\/wp-content\/uploads\/2024\/05\/image-27.png\" alt=\"\" class=\"wp-image-335\" srcset=\"https:\/\/www.adrian-grigore.com\/wp-content\/uploads\/2024\/05\/image-27.png 356w, https:\/\/www.adrian-grigore.com\/wp-content\/uploads\/2024\/05\/image-27-244x300.png 244w\" sizes=\"auto, (max-width: 356px) 100vw, 356px\" \/><\/figure>\n\n\n\n<figure class=\"wp-block-image size-full is-resized\"><img loading=\"lazy\" decoding=\"async\" width=\"395\" height=\"479\" src=\"https:\/\/www.adrian-grigore.com\/wp-content\/uploads\/2024\/05\/image-28.png\" alt=\"\" class=\"wp-image-336\" style=\"width:360px;height:auto\" srcset=\"https:\/\/www.adrian-grigore.com\/wp-content\/uploads\/2024\/05\/image-28.png 395w, https:\/\/www.adrian-grigore.com\/wp-content\/uploads\/2024\/05\/image-28-247x300.png 247w\" sizes=\"auto, (max-width: 395px) 100vw, 395px\" \/><\/figure>\n<\/div>\n\n\n\n<div style=\"height:40px\" aria-hidden=\"true\" class=\"wp-block-spacer\"><\/div>\n\n\n\n<div class=\"wp-block-group is-nowrap is-layout-flex wp-container-core-group-is-layout-6c531013 wp-block-group-is-layout-flex\">\n<figure class=\"wp-block-image size-full\"><img loading=\"lazy\" decoding=\"async\" width=\"426\" height=\"490\" src=\"https:\/\/www.adrian-grigore.com\/wp-content\/uploads\/2024\/05\/image-29.png\" alt=\"\" class=\"wp-image-337\" srcset=\"https:\/\/www.adrian-grigore.com\/wp-content\/uploads\/2024\/05\/image-29.png 426w, https:\/\/www.adrian-grigore.com\/wp-content\/uploads\/2024\/05\/image-29-261x300.png 261w\" sizes=\"auto, (max-width: 426px) 100vw, 426px\" \/><\/figure>\n\n\n\n<figure class=\"wp-block-image size-full is-resized\"><img loading=\"lazy\" decoding=\"async\" width=\"411\" height=\"416\" src=\"https:\/\/www.adrian-grigore.com\/wp-content\/uploads\/2024\/05\/image-30.png\" alt=\"\" class=\"wp-image-338\" style=\"width:388px;height:auto\" srcset=\"https:\/\/www.adrian-grigore.com\/wp-content\/uploads\/2024\/05\/image-30.png 411w, https:\/\/www.adrian-grigore.com\/wp-content\/uploads\/2024\/05\/image-30-296x300.png 296w\" sizes=\"auto, (max-width: 411px) 100vw, 411px\" \/><\/figure>\n<\/div>\n\n\n\n<div style=\"height:100px\" aria-hidden=\"true\" class=\"wp-block-spacer\"><\/div>\n\n\n\n<figure class=\"wp-block-image aligncenter size-full\"><img loading=\"lazy\" decoding=\"async\" width=\"399\" height=\"554\" src=\"https:\/\/www.adrian-grigore.com\/wp-content\/uploads\/2024\/05\/image-31.png\" alt=\"\" class=\"wp-image-339\" srcset=\"https:\/\/www.adrian-grigore.com\/wp-content\/uploads\/2024\/05\/image-31.png 399w, https:\/\/www.adrian-grigore.com\/wp-content\/uploads\/2024\/05\/image-31-216x300.png 216w\" sizes=\"auto, (max-width: 399px) 100vw, 399px\" \/><\/figure>\n\n\n\n<div style=\"height:100px\" aria-hidden=\"true\" class=\"wp-block-spacer\"><\/div>\n","protected":false},"excerpt":{"rendered":"<p>English \/ Rom\u00e2na On April 24-25, 2024, the author Adrian Grigore visited several public libraries, in Portland-OREGON and its surroundings, to which he donated The Last Winter books, with autographs, as proof of his appreciation for the work of libraries and librarians. &nbsp;The author&#8217;s philanthropic action was carried out under the motto: &#8220;The Last Winter, [&hellip;]<\/p>\n","protected":false},"author":1,"featured_media":0,"parent":0,"menu_order":0,"comment_status":"closed","ping_status":"closed","template":"","meta":{"footnotes":""},"class_list":["post-319","page","type-page","status-publish","hentry"],"_links":{"self":[{"href":"https:\/\/www.adrian-grigore.com\/index.php?rest_route=\/wp\/v2\/pages\/319","targetHints":{"allow":["GET"]}}],"collection":[{"href":"https:\/\/www.adrian-grigore.com\/index.php?rest_route=\/wp\/v2\/pages"}],"about":[{"href":"https:\/\/www.adrian-grigore.com\/index.php?rest_route=\/wp\/v2\/types\/page"}],"author":[{"embeddable":true,"href":"https:\/\/www.adrian-grigore.com\/index.php?rest_route=\/wp\/v2\/users\/1"}],"replies":[{"embeddable":true,"href":"https:\/\/www.adrian-grigore.com\/index.php?rest_route=%2Fwp%2Fv2%2Fcomments&post=319"}],"version-history":[{"count":3,"href":"https:\/\/www.adrian-grigore.com\/index.php?rest_route=\/wp\/v2\/pages\/319\/revisions"}],"predecessor-version":[{"id":342,"href":"https:\/\/www.adrian-grigore.com\/index.php?rest_route=\/wp\/v2\/pages\/319\/revisions\/342"}],"wp:attachment":[{"href":"https:\/\/www.adrian-grigore.com\/index.php?rest_route=%2Fwp%2Fv2%2Fmedia&parent=319"}],"curies":[{"name":"wp","href":"https:\/\/api.w.org\/{rel}","templated":true}]}}