{"id":316,"date":"2024-05-19T12:39:38","date_gmt":"2024-05-19T10:39:38","guid":{"rendered":"https:\/\/www.adrian-grigore.com\/?page_id=316"},"modified":"2024-05-19T12:39:38","modified_gmt":"2024-05-19T10:39:38","slug":"eveniment-la-academia-romana","status":"publish","type":"page","link":"https:\/\/www.adrian-grigore.com\/?page_id=316","title":{"rendered":"Eveniment la Academia Rom\u00e2n\u0103"},"content":{"rendered":"\n<div style=\"height:62px\" aria-hidden=\"true\" class=\"wp-block-spacer\"><\/div>\n\n\n\n<p>Rom\u00e2na \/ <a href=\"#english\">English<\/a> <\/p>\n\n\n\n<p>    \u00cen ziua de <strong>21 Martie 2024<\/strong>, ora 11,\u00a0 <strong>Domnul Academician Prof. dr. Nicolae Victor Zamfir, Vicepre\u0219edinte al Academiei Rom\u00e2ne, <\/strong>a primit cu autograf din partea autorului <strong>Adrian Grigore<\/strong> dou\u0103 c\u0103r\u021bi traduse \u00een englez\u0103: <strong>The Last Winter<\/strong>\u00a0 \u0219i <strong>Red Alert for Romania<\/strong>. Evenimentul a avut loc la <strong>Academia Rom\u00e2n\u0103<\/strong> \u0219i a fost urmat de o foarte interesant\u0103 discu\u021bie \u00eentre cei doi despre literatur\u0103 \u0219i cercetarea \u0219tiin\u021bific\u0103.<\/p>\n\n\n\n<div style=\"height:43px\" aria-hidden=\"true\" class=\"wp-block-spacer\"><\/div>\n\n\n\n<figure class=\"wp-block-image aligncenter size-full\"><img loading=\"lazy\" decoding=\"async\" width=\"480\" height=\"619\" src=\"https:\/\/www.adrian-grigore.com\/wp-content\/uploads\/2024\/05\/image-11.png\" alt=\"\" class=\"wp-image-317\" srcset=\"https:\/\/www.adrian-grigore.com\/wp-content\/uploads\/2024\/05\/image-11.png 480w, https:\/\/www.adrian-grigore.com\/wp-content\/uploads\/2024\/05\/image-11-233x300.png 233w\" sizes=\"auto, (max-width: 480px) 100vw, 480px\" \/><\/figure>\n\n\n\n<div style=\"height:100px\" aria-hidden=\"true\" class=\"wp-block-spacer\"><\/div>\n\n\n\n<p>    <a id=\"english\"> <\/a>On <strong>March 21, 2024,<\/strong> at 11 a.m., <strong>Mr. Academician Prof. Dr. Nicolae Victor Zamfir<\/strong>, <strong>Vice-President of the Romanian Academy<\/strong>, received two books translated into English: <strong>The Last Winter<\/strong> and <strong>Red Alert for Romania<\/strong>, with an autograph from the author <strong>Adrian Grigore<\/strong>. The event took place at the <strong>Romanian Academy<\/strong> and was followed by a very interesting discussion between the two about literature and scientific research.<\/p>\n\n\n\n<div style=\"height:100px\" aria-hidden=\"true\" class=\"wp-block-spacer\"><\/div>\n","protected":false},"excerpt":{"rendered":"<p>Rom\u00e2na \/ English \u00cen ziua de 21 Martie 2024, ora 11,\u00a0 Domnul Academician Prof. dr. Nicolae Victor Zamfir, Vicepre\u0219edinte al Academiei Rom\u00e2ne, a primit cu autograf din partea autorului Adrian Grigore dou\u0103 c\u0103r\u021bi traduse \u00een englez\u0103: The Last Winter\u00a0 \u0219i Red Alert for Romania. Evenimentul a avut loc la Academia Rom\u00e2n\u0103 \u0219i a fost urmat [&hellip;]<\/p>\n","protected":false},"author":1,"featured_media":0,"parent":0,"menu_order":0,"comment_status":"closed","ping_status":"closed","template":"","meta":{"footnotes":""},"class_list":["post-316","page","type-page","status-publish","hentry"],"_links":{"self":[{"href":"https:\/\/www.adrian-grigore.com\/index.php?rest_route=\/wp\/v2\/pages\/316","targetHints":{"allow":["GET"]}}],"collection":[{"href":"https:\/\/www.adrian-grigore.com\/index.php?rest_route=\/wp\/v2\/pages"}],"about":[{"href":"https:\/\/www.adrian-grigore.com\/index.php?rest_route=\/wp\/v2\/types\/page"}],"author":[{"embeddable":true,"href":"https:\/\/www.adrian-grigore.com\/index.php?rest_route=\/wp\/v2\/users\/1"}],"replies":[{"embeddable":true,"href":"https:\/\/www.adrian-grigore.com\/index.php?rest_route=%2Fwp%2Fv2%2Fcomments&post=316"}],"version-history":[{"count":1,"href":"https:\/\/www.adrian-grigore.com\/index.php?rest_route=\/wp\/v2\/pages\/316\/revisions"}],"predecessor-version":[{"id":318,"href":"https:\/\/www.adrian-grigore.com\/index.php?rest_route=\/wp\/v2\/pages\/316\/revisions\/318"}],"wp:attachment":[{"href":"https:\/\/www.adrian-grigore.com\/index.php?rest_route=%2Fwp%2Fv2%2Fmedia&parent=316"}],"curies":[{"name":"wp","href":"https:\/\/api.w.org\/{rel}","templated":true}]}}