{"id":167,"date":"2024-03-10T10:13:34","date_gmt":"2024-03-10T10:13:34","guid":{"rendered":"http:\/\/wp.adrian-grigore.com\/?page_id=167"},"modified":"2024-05-19T17:24:06","modified_gmt":"2024-05-19T15:24:06","slug":"the-novel-traga-serpilor","status":"publish","type":"page","link":"https:\/\/www.adrian-grigore.com\/?page_id=167","title":{"rendered":"The Novel &#8220;Traga \u0218erpilor&#8221;"},"content":{"rendered":"\n<p><\/p>\n\n\n\n<div style=\"height:100px\" aria-hidden=\"true\" class=\"wp-block-spacer\"><\/div>\n\n\n\n<p>English \/ <a href=\"\/?page_id=13\">Rom\u00e2n\u0103<\/a><\/p>\n\n\n\n<p>ISBN: <strong>973-24-0508-2<\/strong><\/p>\n\n\n\n<p>Cover: <strong>Mircea Muntenescu<\/strong><br>Lecturer: <strong>Olga Silvia Turbatu<\/strong><\/p>\n\n\n\n<p><strong>Traga \u015ferpilor<\/strong> is <strong>Adrian Grigore<\/strong>&#8216;s debut novel and was published in 1998 by the<br><strong>Albatros Publishing House<\/strong> in Bucharest. It was launched at the <strong>International<br>Book Fair, Bucharest 1998<\/strong> from May, 1998, at the &#8220;Floor 3\/4&#8221; galleries and the<br>lobby of 1st floor of the National Theater building. The presentation of the novel<br>was made to the public by <strong>Univ. Prof. Dr. Silviu Angelescu &#8211;<em> University of<br>Bucharest<\/em><\/strong>, who also wrote the synopsis on cover four. The book is currently being translated into English and will be published in US at the end of this year, under the title T<strong>he Dragons\u2019 Trail<\/strong>.<\/p>\n\n\n\n<figure class=\"wp-block-image aligncenter size-full\"><img loading=\"lazy\" decoding=\"async\" width=\"237\" height=\"352\" src=\"https:\/\/www.adrian-grigore.com\/wp-content\/uploads\/2024\/03\/tragaserpilor_cover-1.png\" alt=\"\" class=\"wp-image-143\" srcset=\"https:\/\/www.adrian-grigore.com\/wp-content\/uploads\/2024\/03\/tragaserpilor_cover-1.png 237w, https:\/\/www.adrian-grigore.com\/wp-content\/uploads\/2024\/03\/tragaserpilor_cover-1-202x300.png 202w\" sizes=\"auto, (max-width: 237px) 100vw, 237px\" \/><\/figure>\n\n\n\n<p class=\"has-text-align-left\"><strong>Synopsis<\/strong><\/p>\n\n\n\n<p class=\"has-text-align-left\"><strong>Traga \u015ferpilor<\/strong> is not a novel-promise, it is a novel-surprise that will not disappoint those passionate about history, nor those who love adventure. Old events are evoked, from an era that has entered in legend &#8211; the end of the Phanariot century in Wallachia. A book about the past, one could say, if human dramas were not always the same, if we did not find at their origin the same tensions that abuse and injustice arouse.<\/p>\n\n\n\n<p class=\"has-text-align-left\"><br><strong>Univ. Prof. Dr. Silviu Angelescu &#8211; <em>University of Bucharest<\/em><\/strong><\/p>\n\n\n\n<figure class=\"wp-block-image aligncenter size-full\"><img loading=\"lazy\" decoding=\"async\" width=\"400\" height=\"468\" src=\"https:\/\/www.adrian-grigore.com\/wp-content\/uploads\/2024\/05\/image-44.png\" alt=\"\" class=\"wp-image-374\" srcset=\"https:\/\/www.adrian-grigore.com\/wp-content\/uploads\/2024\/05\/image-44.png 400w, https:\/\/www.adrian-grigore.com\/wp-content\/uploads\/2024\/05\/image-44-256x300.png 256w\" sizes=\"auto, (max-width: 400px) 100vw, 400px\" \/><\/figure>\n\n\n\n<p>The much-regretted <strong>Georgeta DIMISIANU<\/strong>, the director of <strong>Albatros Publishing House<\/strong>, announces the launch of the novel <strong>Traga \u015eerpilor<\/strong> by <strong>Adrian Grigore.<\/strong><\/p>\n\n\n\n<p><strong>The entire movie of the release of the novel Traga Serpilor can be seen on:<\/strong> <a href=\"https:\/\/www.youtube.com\/watch?v=TLPXZYT-0Ec&amp;t=37s\">https:\/\/www.youtube.com\/watch?v=TLPXZYT-0Ec&amp;t=37s<\/a><\/p>\n\n\n\n<div style=\"height:100px\" aria-hidden=\"true\" class=\"wp-block-spacer\"><\/div>\n\n\n\n<p>.<\/p>\n","protected":false},"excerpt":{"rendered":"<p>English \/ Rom\u00e2n\u0103 ISBN: 973-24-0508-2 Cover: Mircea MuntenescuLecturer: Olga Silvia Turbatu Traga \u015ferpilor is Adrian Grigore&#8216;s debut novel and was published in 1998 by theAlbatros Publishing House in Bucharest. It was launched at the InternationalBook Fair, Bucharest 1998 from May, 1998, at the &#8220;Floor 3\/4&#8221; galleries and thelobby of 1st floor of the National Theater [&hellip;]<\/p>\n","protected":false},"author":1,"featured_media":0,"parent":0,"menu_order":0,"comment_status":"closed","ping_status":"closed","template":"","meta":{"footnotes":""},"class_list":["post-167","page","type-page","status-publish","hentry"],"_links":{"self":[{"href":"https:\/\/www.adrian-grigore.com\/index.php?rest_route=\/wp\/v2\/pages\/167","targetHints":{"allow":["GET"]}}],"collection":[{"href":"https:\/\/www.adrian-grigore.com\/index.php?rest_route=\/wp\/v2\/pages"}],"about":[{"href":"https:\/\/www.adrian-grigore.com\/index.php?rest_route=\/wp\/v2\/types\/page"}],"author":[{"embeddable":true,"href":"https:\/\/www.adrian-grigore.com\/index.php?rest_route=\/wp\/v2\/users\/1"}],"replies":[{"embeddable":true,"href":"https:\/\/www.adrian-grigore.com\/index.php?rest_route=%2Fwp%2Fv2%2Fcomments&post=167"}],"version-history":[{"count":6,"href":"https:\/\/www.adrian-grigore.com\/index.php?rest_route=\/wp\/v2\/pages\/167\/revisions"}],"predecessor-version":[{"id":379,"href":"https:\/\/www.adrian-grigore.com\/index.php?rest_route=\/wp\/v2\/pages\/167\/revisions\/379"}],"wp:attachment":[{"href":"https:\/\/www.adrian-grigore.com\/index.php?rest_route=%2Fwp%2Fv2%2Fmedia&parent=167"}],"curies":[{"name":"wp","href":"https:\/\/api.w.org\/{rel}","templated":true}]}}